{"id":2,"date":"2013-03-07T15:02:30","date_gmt":"2013-03-07T15:02:30","guid":{"rendered":"http:\/\/blog.busweltreise.de\/?page_id=2"},"modified":"2018-05-22T11:23:19","modified_gmt":"2018-05-22T09:23:19","slug":"beispiel-seite","status":"publish","type":"page","link":"https:\/\/blog.busweltreise.de\/?page_id=2","title":{"rendered":"Liebe Leute"},"content":{"rendered":"<p>es gibt Abenteuer, von denen die Menschen schon seit Jahrhunderten tr\u00e4umen und die nur ganz wenige realisieren.<\/p>\n<p>Von April bis Dezember 2013 verwirklichen wir solch einen Traum: Auf der Seidenstra\u00dfe und der Panamericana fahren wir mit dem Reisebus praktisch um die Welt. Von Anfang April bis Mitte Juni kommen wir von Europa in den Orient und entlang der Seidenstra\u00dfe quer durch Asien bis nach Shanghai. Danach befahren wir von Juli bis Dezember auf der Panamericana von Alaska bis Feuerland den ganzen amerikanischen Kontinent. <b>Auch Teilstrecken sind bei dieser Tour m\u00f6glich.<\/b><\/p>\n<p>Es ist eine Reise, die von Anfang bis Schluss hautnah und ohne Filter alles vermittelt, was die Verschiedenartigkeit unserer Erde ausmacht. Mit einer kleinen, \u00fcberschaubaren Gruppe machen wir uns auf den Weg. In einem gro\u00dfz\u00fcgigen, luxuri\u00f6sen Fernreisebus, an Komfort, Sicherheit und \u00f6kologischer Wertigkeit nicht zu \u00fcbertreffen, erfahren wir die Traumstra\u00dfen der Welt. Auf guten und schlechten Autobahnen, kurvigen Landstra\u00dfen und abenteuerlichen Pisten, \u00fcber P\u00e4sse und Gebirge, durch T\u00e4ler und Schluchten, durch W\u00fcsten und Ein\u00f6den, St\u00e4dte und D\u00f6rfer, entlang Kulturlandschaften und Ozeanen befahren wir einen Gro\u00dfteil unseres Planeten. Dabei vermittelt uns eine Vielzahl an mehrt\u00e4gigen Aufenthalten Leben und Sehensw\u00fcrdigkeiten entlang unserer Route.<\/p>\n<p>Es ist eine Weltreise, die es in dieser Form noch nie gab.<\/p>\n<p>Wir werden alle Extreme erleben, die eine Reise um die Welt aufzubieten hat: gastfreundliche und weniger angenehme Menschen, Millionenst\u00e4dte und einsame Landstriche, riesige Gebirge, schier endlose W\u00fcsten und nie gesehene Weiten. Fremde Kulturen und Gebr\u00e4uche, Bekanntes und l\u00e4ngst vergangen Geglaubtes, kaum Vorstellbares, Exotisches, Abweisendes und Anziehendes. Sandst\u00fcrme und Gewitterregen, sengende Hitze an Nachmittagen und K\u00e4lte am fr\u00fchen Morgen, gepflegte Hotels und gelegentlich sehr schlichte Unterk\u00fcnfte. Wir werden lebenslange Freundschaften schlie\u00dfen und uns in manchen Minuten fragen, ob wir uns nicht zuviel zugetraut haben. Meist aber werden wir uns gl\u00fccklich sch\u00e4tzen, dabei zu sein, und das sonore Brummen gro\u00dfer Motoren wird noch nach vielen Jahren eine kaum zu stillende Sehnsucht nach einer unvergesslichen Reise in uns wachrufen.<\/p>\n<p>So vieles wird anders sein, als Sie sich das vorstellen. Manches kann auch schief gehen! Sie werden an psychische und vielleicht auch physische Grenzen gelangen und sich neu kennen lernen.<\/p>\n<p>\u00dcber all das m\u00fcssen Sie sich im Klaren sein, wenn Sie mit dem Gedanken spielen, sich auf dieses Abenteuer einzulassen. \u00dcberlegen Sie sich das eingehend und in allen Einzelheiten. Vielleicht wird Ihnen bewusst, dass diese Art zu reisen Ihnen doch nicht entspricht. Vielleicht aber wird Ihr Interesse erst richtig geweckt, und Sie stellen fest: Diese Reise \u2013 oder ein Teil der Strecke \u2013 ist (m)ein Traum. Das w\u00fcnschen wir uns.<\/p>\n<p>Herzlichst<\/p>\n<p>Hans-Peter Christoph<br \/>\nF\u00fcr das Team von Avanti-Busreisen<\/p>\n","protected":false},"excerpt":{"rendered":"<p>es gibt Abenteuer, von denen die Menschen schon seit Jahrhunderten tr\u00e4umen und die nur ganz wenige realisieren. Von April bis Dezember 2013 verwirklichen wir solch einen Traum: Auf der Seidenstra\u00dfe und der Panamericana fahren wir mit dem Reisebus praktisch um die Welt. Von Anfang April bis Mitte Juni kommen wir von Europa in den Orient [&hellip;]<\/p>\n","protected":false},"author":2,"featured_media":0,"parent":0,"menu_order":0,"comment_status":"closed","ping_status":"open","template":"","meta":{"ngg_post_thumbnail":0},"_links":{"self":[{"href":"https:\/\/blog.busweltreise.de\/index.php?rest_route=\/wp\/v2\/pages\/2"}],"collection":[{"href":"https:\/\/blog.busweltreise.de\/index.php?rest_route=\/wp\/v2\/pages"}],"about":[{"href":"https:\/\/blog.busweltreise.de\/index.php?rest_route=\/wp\/v2\/types\/page"}],"author":[{"embeddable":true,"href":"https:\/\/blog.busweltreise.de\/index.php?rest_route=\/wp\/v2\/users\/2"}],"replies":[{"embeddable":true,"href":"https:\/\/blog.busweltreise.de\/index.php?rest_route=%2Fwp%2Fv2%2Fcomments&post=2"}],"version-history":[{"count":6,"href":"https:\/\/blog.busweltreise.de\/index.php?rest_route=\/wp\/v2\/pages\/2\/revisions"}],"predecessor-version":[{"id":2414,"href":"https:\/\/blog.busweltreise.de\/index.php?rest_route=\/wp\/v2\/pages\/2\/revisions\/2414"}],"wp:attachment":[{"href":"https:\/\/blog.busweltreise.de\/index.php?rest_route=%2Fwp%2Fv2%2Fmedia&parent=2"}],"curies":[{"name":"wp","href":"https:\/\/api.w.org\/{rel}","templated":true}]}}