{"id":1604,"date":"2013-09-25T10:47:25","date_gmt":"2013-09-25T08:47:25","guid":{"rendered":"http:\/\/blog.busweltreise.de\/?page_id=1604"},"modified":"2018-05-22T11:23:19","modified_gmt":"2018-05-22T09:23:19","slug":"baja-california","status":"publish","type":"page","link":"https:\/\/blog.busweltreise.de\/?page_id=1604","title":{"rendered":"Baja California"},"content":{"rendered":"<!-- default-view.php -->\n<div\n\tclass=\"ngg-galleryoverview default-view  ngg-ajax-pagination-none\"\n\tid=\"ngg-gallery-cfffe5936709b573c7cc122273d9915f-1\">\n\n\t\t<!-- Thumbnails -->\n\t\t\t\t<div id=\"ngg-image-0\" class=\"ngg-gallery-thumbnail-box \" >\n\t\t\t\t        <div class=\"ngg-gallery-thumbnail\">\n            <a href=\"https:\/\/blog.busweltreise.de\/wp-content\/gallery\/baja-california\/ausflug-mit-dem-katamaran-zur-inselgruppe-coronados.jpg\"\n               title=\"Ausflug mit dem Katamaran zur Inselgruppe Coronados\"\n               data-src=\"https:\/\/blog.busweltreise.de\/wp-content\/gallery\/baja-california\/ausflug-mit-dem-katamaran-zur-inselgruppe-coronados.jpg\"\n               data-thumbnail=\"https:\/\/blog.busweltreise.de\/wp-content\/gallery\/baja-california\/thumbs\/thumbs_ausflug-mit-dem-katamaran-zur-inselgruppe-coronados.jpg\"\n               data-image-id=\"1124\"\n               data-title=\"Ausflug mit dem Katamaran zur Inselgruppe Coronados\"\n               data-description=\"Ausflug mit dem Katamaran zur Inselgruppe Coronados\"\n               data-image-slug=\"ausflug-mit-dem-katamaran-zur-inselgruppe-coronados\"\n               class=\"ngg-simplelightbox\" rel=\"cfffe5936709b573c7cc122273d9915f\">\n                <img\n                    title=\"Ausflug mit dem Katamaran zur Inselgruppe Coronados\"\n                    alt=\"Ausflug mit dem Katamaran zur Inselgruppe Coronados\"\n                    src=\"https:\/\/blog.busweltreise.de\/wp-content\/gallery\/baja-california\/thumbs\/thumbs_ausflug-mit-dem-katamaran-zur-inselgruppe-coronados.jpg\"\n                    width=\"100\"\n                    height=\"75\"\n                    style=\"max-width:100%;\"\n                \/>\n            <\/a>\n        <\/div>\n\t\t\t\t\t\t\t<\/div> \n\t\t\t\n\t\t\t\t<div id=\"ngg-image-1\" class=\"ngg-gallery-thumbnail-box \" >\n\t\t\t\t        <div class=\"ngg-gallery-thumbnail\">\n            <a href=\"https:\/\/blog.busweltreise.de\/wp-content\/gallery\/baja-california\/ein-abendessen-am-meer.jpg\"\n               title=\"Abendessen am Meer\"\n               data-src=\"https:\/\/blog.busweltreise.de\/wp-content\/gallery\/baja-california\/ein-abendessen-am-meer.jpg\"\n               data-thumbnail=\"https:\/\/blog.busweltreise.de\/wp-content\/gallery\/baja-california\/thumbs\/thumbs_ein-abendessen-am-meer.jpg\"\n               data-image-id=\"1127\"\n               data-title=\"Abendessen am Meer\"\n               data-description=\"Abendessen am Meer\"\n               data-image-slug=\"abendessen-am-meer\"\n               class=\"ngg-simplelightbox\" rel=\"cfffe5936709b573c7cc122273d9915f\">\n                <img\n                    title=\"Abendessen am Meer\"\n                    alt=\"Abendessen am Meer\"\n                    src=\"https:\/\/blog.busweltreise.de\/wp-content\/gallery\/baja-california\/thumbs\/thumbs_ein-abendessen-am-meer.jpg\"\n                    width=\"100\"\n                    height=\"75\"\n                    style=\"max-width:100%;\"\n                \/>\n            <\/a>\n        <\/div>\n\t\t\t\t\t\t\t<\/div> \n\t\t\t\n\t\t\t\t<div id=\"ngg-image-2\" class=\"ngg-gallery-thumbnail-box \" >\n\t\t\t\t        <div class=\"ngg-gallery-thumbnail\">\n            <a href=\"https:\/\/blog.busweltreise.de\/wp-content\/gallery\/baja-california\/ein-spaeher.jpg\"\n               title=\"Ein Sp\u00e4her\"\n               data-src=\"https:\/\/blog.busweltreise.de\/wp-content\/gallery\/baja-california\/ein-spaeher.jpg\"\n               data-thumbnail=\"https:\/\/blog.busweltreise.de\/wp-content\/gallery\/baja-california\/thumbs\/thumbs_ein-spaeher.jpg\"\n               data-image-id=\"1131\"\n               data-title=\"Ein Sp\u00e4her\"\n               data-description=\"Ein Sp\u00e4her\"\n               data-image-slug=\"ein-spaher\"\n               class=\"ngg-simplelightbox\" rel=\"cfffe5936709b573c7cc122273d9915f\">\n                <img\n                    title=\"Ein Sp\u00e4her\"\n                    alt=\"Ein Sp\u00e4her\"\n                    src=\"https:\/\/blog.busweltreise.de\/wp-content\/gallery\/baja-california\/thumbs\/thumbs_ein-spaeher.jpg\"\n                    width=\"100\"\n                    height=\"75\"\n                    style=\"max-width:100%;\"\n                \/>\n            <\/a>\n        <\/div>\n\t\t\t\t\t\t\t<\/div> \n\t\t\t\n\t\t\t\t<div id=\"ngg-image-3\" class=\"ngg-gallery-thumbnail-box \" >\n\t\t\t\t        <div class=\"ngg-gallery-thumbnail\">\n            <a href=\"https:\/\/blog.busweltreise.de\/wp-content\/gallery\/baja-california\/fahnenverkaeufer-zum-unabhaengigkeitstag.jpg\"\n               title=\"Fahnenverk\u00e4ufer f\u00fcr den Unabh\u00e4ngigkeitstag\"\n               data-src=\"https:\/\/blog.busweltreise.de\/wp-content\/gallery\/baja-california\/fahnenverkaeufer-zum-unabhaengigkeitstag.jpg\"\n               data-thumbnail=\"https:\/\/blog.busweltreise.de\/wp-content\/gallery\/baja-california\/thumbs\/thumbs_fahnenverkaeufer-zum-unabhaengigkeitstag.jpg\"\n               data-image-id=\"1135\"\n               data-title=\"Fahnenverk\u00e4ufer f\u00fcr den Unabh\u00e4ngigkeitstag\"\n               data-description=\"Fahnenverk\u00e4ufer f\u00fcr den Unabh\u00e4ngigkeitstag\"\n               data-image-slug=\"fahnenverkaufer-fur-den-unabhangigkeitstag\"\n               class=\"ngg-simplelightbox\" rel=\"cfffe5936709b573c7cc122273d9915f\">\n                <img\n                    title=\"Fahnenverk\u00e4ufer f\u00fcr den Unabh\u00e4ngigkeitstag\"\n                    alt=\"Fahnenverk\u00e4ufer f\u00fcr den Unabh\u00e4ngigkeitstag\"\n                    src=\"https:\/\/blog.busweltreise.de\/wp-content\/gallery\/baja-california\/thumbs\/thumbs_fahnenverkaeufer-zum-unabhaengigkeitstag.jpg\"\n                    width=\"100\"\n                    height=\"75\"\n                    style=\"max-width:100%;\"\n                \/>\n            <\/a>\n        <\/div>\n\t\t\t\t\t\t\t<\/div> \n\t\t\t\n\t\t\t\t<div id=\"ngg-image-4\" class=\"ngg-gallery-thumbnail-box \" >\n\t\t\t\t        <div class=\"ngg-gallery-thumbnail\">\n            <a href=\"https:\/\/blog.busweltreise.de\/wp-content\/gallery\/baja-california\/fischmarkt-in-ensenada.jpg\"\n               title=\"Fischmarkt in Ensenada\"\n               data-src=\"https:\/\/blog.busweltreise.de\/wp-content\/gallery\/baja-california\/fischmarkt-in-ensenada.jpg\"\n               data-thumbnail=\"https:\/\/blog.busweltreise.de\/wp-content\/gallery\/baja-california\/thumbs\/thumbs_fischmarkt-in-ensenada.jpg\"\n               data-image-id=\"1136\"\n               data-title=\"Fischmarkt in Ensenada\"\n               data-description=\"Fischmarkt in Ensenada\"\n               data-image-slug=\"fischmarkt-in-ensenada\"\n               class=\"ngg-simplelightbox\" rel=\"cfffe5936709b573c7cc122273d9915f\">\n                <img\n                    title=\"Fischmarkt in Ensenada\"\n                    alt=\"Fischmarkt in Ensenada\"\n                    src=\"https:\/\/blog.busweltreise.de\/wp-content\/gallery\/baja-california\/thumbs\/thumbs_fischmarkt-in-ensenada.jpg\"\n                    width=\"100\"\n                    height=\"75\"\n                    style=\"max-width:100%;\"\n                \/>\n            <\/a>\n        <\/div>\n\t\t\t\t\t\t\t<\/div> \n\t\t\t\n\t\t\t\t<div id=\"ngg-image-5\" class=\"ngg-gallery-thumbnail-box \" >\n\t\t\t\t        <div class=\"ngg-gallery-thumbnail\">\n            <a href=\"https:\/\/blog.busweltreise.de\/wp-content\/gallery\/baja-california\/fischrestaurant.jpg\"\n               title=\"Fischrestaurant\"\n               data-src=\"https:\/\/blog.busweltreise.de\/wp-content\/gallery\/baja-california\/fischrestaurant.jpg\"\n               data-thumbnail=\"https:\/\/blog.busweltreise.de\/wp-content\/gallery\/baja-california\/thumbs\/thumbs_fischrestaurant.jpg\"\n               data-image-id=\"1139\"\n               data-title=\"Fischrestaurant\"\n               data-description=\"Fischrestaurant\"\n               data-image-slug=\"fischrestaurant\"\n               class=\"ngg-simplelightbox\" rel=\"cfffe5936709b573c7cc122273d9915f\">\n                <img\n                    title=\"Fischrestaurant\"\n                    alt=\"Fischrestaurant\"\n                    src=\"https:\/\/blog.busweltreise.de\/wp-content\/gallery\/baja-california\/thumbs\/thumbs_fischrestaurant.jpg\"\n                    width=\"100\"\n                    height=\"75\"\n                    style=\"max-width:100%;\"\n                \/>\n            <\/a>\n        <\/div>\n\t\t\t\t\t\t\t<\/div> \n\t\t\t\n\t\t\t\t<div id=\"ngg-image-6\" class=\"ngg-gallery-thumbnail-box \" >\n\t\t\t\t        <div class=\"ngg-gallery-thumbnail\">\n            <a href=\"https:\/\/blog.busweltreise.de\/wp-content\/gallery\/baja-california\/geschafft-endlich-auf-dem-meer.jpg\"\n               title=\"geschafft...endlich auf dem Meer\"\n               data-src=\"https:\/\/blog.busweltreise.de\/wp-content\/gallery\/baja-california\/geschafft-endlich-auf-dem-meer.jpg\"\n               data-thumbnail=\"https:\/\/blog.busweltreise.de\/wp-content\/gallery\/baja-california\/thumbs\/thumbs_geschafft-endlich-auf-dem-meer.jpg\"\n               data-image-id=\"1142\"\n               data-title=\"geschafft...endlich auf dem Meer\"\n               data-description=\"geschafft...endlich auf dem Meer\"\n               data-image-slug=\"geschafft-endlich-auf-dem-meer\"\n               class=\"ngg-simplelightbox\" rel=\"cfffe5936709b573c7cc122273d9915f\">\n                <img\n                    title=\"geschafft...endlich auf dem Meer\"\n                    alt=\"geschafft...endlich auf dem Meer\"\n                    src=\"https:\/\/blog.busweltreise.de\/wp-content\/gallery\/baja-california\/thumbs\/thumbs_geschafft-endlich-auf-dem-meer.jpg\"\n                    width=\"100\"\n                    height=\"75\"\n                    style=\"max-width:100%;\"\n                \/>\n            <\/a>\n        <\/div>\n\t\t\t\t\t\t\t<\/div> \n\t\t\t\n\t\t\t\t<div id=\"ngg-image-7\" class=\"ngg-gallery-thumbnail-box \" >\n\t\t\t\t        <div class=\"ngg-gallery-thumbnail\">\n            <a href=\"https:\/\/blog.busweltreise.de\/wp-content\/gallery\/baja-california\/grauwale-kommen-im-jan_feb-aus-der-beringsee-alaskas-hierher.jpg\"\n               title=\"Grauwale kommen im Januar\/Februar aus Alaska hierher...\"\n               data-src=\"https:\/\/blog.busweltreise.de\/wp-content\/gallery\/baja-california\/grauwale-kommen-im-jan_feb-aus-der-beringsee-alaskas-hierher.jpg\"\n               data-thumbnail=\"https:\/\/blog.busweltreise.de\/wp-content\/gallery\/baja-california\/thumbs\/thumbs_grauwale-kommen-im-jan_feb-aus-der-beringsee-alaskas-hierher.jpg\"\n               data-image-id=\"1145\"\n               data-title=\"Grauwale kommen im Januar\/Februar aus Alaska hierher...\"\n               data-description=\"Grauwale kommen im Januar\/Februar aus Alaska hierher...\"\n               data-image-slug=\"grauwale-kommen-im-januarfebruar-aus-alaska-hierher\"\n               class=\"ngg-simplelightbox\" rel=\"cfffe5936709b573c7cc122273d9915f\">\n                <img\n                    title=\"Grauwale kommen im Januar\/Februar aus Alaska hierher...\"\n                    alt=\"Grauwale kommen im Januar\/Februar aus Alaska hierher...\"\n                    src=\"https:\/\/blog.busweltreise.de\/wp-content\/gallery\/baja-california\/thumbs\/thumbs_grauwale-kommen-im-jan_feb-aus-der-beringsee-alaskas-hierher.jpg\"\n                    width=\"100\"\n                    height=\"75\"\n                    style=\"max-width:100%;\"\n                \/>\n            <\/a>\n        <\/div>\n\t\t\t\t\t\t\t<\/div> \n\t\t\t\n\t\t\t\t<div id=\"ngg-image-8\" class=\"ngg-gallery-thumbnail-box \" >\n\t\t\t\t        <div class=\"ngg-gallery-thumbnail\">\n            <a href=\"https:\/\/blog.busweltreise.de\/wp-content\/gallery\/baja-california\/hotelesel.jpg\"\n               title=\"Hotelesel\"\n               data-src=\"https:\/\/blog.busweltreise.de\/wp-content\/gallery\/baja-california\/hotelesel.jpg\"\n               data-thumbnail=\"https:\/\/blog.busweltreise.de\/wp-content\/gallery\/baja-california\/thumbs\/thumbs_hotelesel.jpg\"\n               data-image-id=\"1148\"\n               data-title=\"Hotelesel\"\n               data-description=\"Hotelesel\"\n               data-image-slug=\"hotelesel\"\n               class=\"ngg-simplelightbox\" rel=\"cfffe5936709b573c7cc122273d9915f\">\n                <img\n                    title=\"Hotelesel\"\n                    alt=\"Hotelesel\"\n                    src=\"https:\/\/blog.busweltreise.de\/wp-content\/gallery\/baja-california\/thumbs\/thumbs_hotelesel.jpg\"\n                    width=\"100\"\n                    height=\"75\"\n                    style=\"max-width:100%;\"\n                \/>\n            <\/a>\n        <\/div>\n\t\t\t\t\t\t\t<\/div> \n\t\t\t\n\t\t\t\t<div id=\"ngg-image-9\" class=\"ngg-gallery-thumbnail-box \" >\n\t\t\t\t        <div class=\"ngg-gallery-thumbnail\">\n            <a href=\"https:\/\/blog.busweltreise.de\/wp-content\/gallery\/baja-california\/lustige-papierkoerbe.jpg\"\n               title=\"Lustige Papierk\u00f6rbe\"\n               data-src=\"https:\/\/blog.busweltreise.de\/wp-content\/gallery\/baja-california\/lustige-papierkoerbe.jpg\"\n               data-thumbnail=\"https:\/\/blog.busweltreise.de\/wp-content\/gallery\/baja-california\/thumbs\/thumbs_lustige-papierkoerbe.jpg\"\n               data-image-id=\"1152\"\n               data-title=\"Lustige Papierk\u00f6rbe\"\n               data-description=\"Lustige Papierk\u00f6rbe\"\n               data-image-slug=\"lustige-papierkorbe\"\n               class=\"ngg-simplelightbox\" rel=\"cfffe5936709b573c7cc122273d9915f\">\n                <img\n                    title=\"Lustige Papierk\u00f6rbe\"\n                    alt=\"Lustige Papierk\u00f6rbe\"\n                    src=\"https:\/\/blog.busweltreise.de\/wp-content\/gallery\/baja-california\/thumbs\/thumbs_lustige-papierkoerbe.jpg\"\n                    width=\"100\"\n                    height=\"75\"\n                    style=\"max-width:100%;\"\n                \/>\n            <\/a>\n        <\/div>\n\t\t\t\t\t\t\t<\/div> \n\t\t\t\n\t\t\t\t<div id=\"ngg-image-10\" class=\"ngg-gallery-thumbnail-box \" >\n\t\t\t\t        <div class=\"ngg-gallery-thumbnail\">\n            <a href=\"https:\/\/blog.busweltreise.de\/wp-content\/gallery\/baja-california\/piratenbrauute.jpg\"\n               title=\"Piratenbr\u00e4ute\"\n               data-src=\"https:\/\/blog.busweltreise.de\/wp-content\/gallery\/baja-california\/piratenbrauute.jpg\"\n               data-thumbnail=\"https:\/\/blog.busweltreise.de\/wp-content\/gallery\/baja-california\/thumbs\/thumbs_piratenbrauute.jpg\"\n               data-image-id=\"1155\"\n               data-title=\"Piratenbr\u00e4ute\"\n               data-description=\"Piratenbr\u00e4ute\"\n               data-image-slug=\"piratenbraute\"\n               class=\"ngg-simplelightbox\" rel=\"cfffe5936709b573c7cc122273d9915f\">\n                <img\n                    title=\"Piratenbr\u00e4ute\"\n                    alt=\"Piratenbr\u00e4ute\"\n                    src=\"https:\/\/blog.busweltreise.de\/wp-content\/gallery\/baja-california\/thumbs\/thumbs_piratenbrauute.jpg\"\n                    width=\"100\"\n                    height=\"75\"\n                    style=\"max-width:100%;\"\n                \/>\n            <\/a>\n        <\/div>\n\t\t\t\t\t\t\t<\/div> \n\t\t\t\n\t\t\t\t<div id=\"ngg-image-11\" class=\"ngg-gallery-thumbnail-box \" >\n\t\t\t\t        <div class=\"ngg-gallery-thumbnail\">\n            <a href=\"https:\/\/blog.busweltreise.de\/wp-content\/gallery\/baja-california\/seeloewen-in-sicht.jpg\"\n               title=\"Seel\u00f6wen in Sicht\"\n               data-src=\"https:\/\/blog.busweltreise.de\/wp-content\/gallery\/baja-california\/seeloewen-in-sicht.jpg\"\n               data-thumbnail=\"https:\/\/blog.busweltreise.de\/wp-content\/gallery\/baja-california\/thumbs\/thumbs_seeloewen-in-sicht.jpg\"\n               data-image-id=\"1158\"\n               data-title=\"Seel\u00f6wen in Sicht\"\n               data-description=\"Seel\u00f6wen in Sicht\"\n               data-image-slug=\"seelowen-in-sicht\"\n               class=\"ngg-simplelightbox\" rel=\"cfffe5936709b573c7cc122273d9915f\">\n                <img\n                    title=\"Seel\u00f6wen in Sicht\"\n                    alt=\"Seel\u00f6wen in Sicht\"\n                    src=\"https:\/\/blog.busweltreise.de\/wp-content\/gallery\/baja-california\/thumbs\/thumbs_seeloewen-in-sicht.jpg\"\n                    width=\"100\"\n                    height=\"75\"\n                    style=\"max-width:100%;\"\n                \/>\n            <\/a>\n        <\/div>\n\t\t\t\t\t\t\t<\/div> \n\t\t\t\n\t\t\t\t<div id=\"ngg-image-12\" class=\"ngg-gallery-thumbnail-box \" >\n\t\t\t\t        <div class=\"ngg-gallery-thumbnail\">\n            <a href=\"https:\/\/blog.busweltreise.de\/wp-content\/gallery\/baja-california\/sonnenuntergang-auf-dem-meer.jpg\"\n               title=\"Sonnenuntergang auf dem Meer\"\n               data-src=\"https:\/\/blog.busweltreise.de\/wp-content\/gallery\/baja-california\/sonnenuntergang-auf-dem-meer.jpg\"\n               data-thumbnail=\"https:\/\/blog.busweltreise.de\/wp-content\/gallery\/baja-california\/thumbs\/thumbs_sonnenuntergang-auf-dem-meer.jpg\"\n               data-image-id=\"1160\"\n               data-title=\"Sonnenuntergang auf dem Meer\"\n               data-description=\"Sonnenuntergang auf dem Meer\"\n               data-image-slug=\"sonnenuntergang-auf-dem-meer\"\n               class=\"ngg-simplelightbox\" rel=\"cfffe5936709b573c7cc122273d9915f\">\n                <img\n                    title=\"Sonnenuntergang auf dem Meer\"\n                    alt=\"Sonnenuntergang auf dem Meer\"\n                    src=\"https:\/\/blog.busweltreise.de\/wp-content\/gallery\/baja-california\/thumbs\/thumbs_sonnenuntergang-auf-dem-meer.jpg\"\n                    width=\"100\"\n                    height=\"75\"\n                    style=\"max-width:100%;\"\n                \/>\n            <\/a>\n        <\/div>\n\t\t\t\t\t\t\t<\/div> \n\t\t\t\n\t\t\t\t<div id=\"ngg-image-13\" class=\"ngg-gallery-thumbnail-box \" >\n\t\t\t\t        <div class=\"ngg-gallery-thumbnail\">\n            <a href=\"https:\/\/blog.busweltreise.de\/wp-content\/gallery\/baja-california\/unser-hotel-in-catavina.jpg\"\n               title=\"Unser Hotel in Catavina\"\n               data-src=\"https:\/\/blog.busweltreise.de\/wp-content\/gallery\/baja-california\/unser-hotel-in-catavina.jpg\"\n               data-thumbnail=\"https:\/\/blog.busweltreise.de\/wp-content\/gallery\/baja-california\/thumbs\/thumbs_unser-hotel-in-catavina.jpg\"\n               data-image-id=\"1166\"\n               data-title=\"Unser Hotel in Catavina\"\n               data-description=\"Unser Hotel in Catavina\"\n               data-image-slug=\"unser-hotel-in-catavina\"\n               class=\"ngg-simplelightbox\" rel=\"cfffe5936709b573c7cc122273d9915f\">\n                <img\n                    title=\"Unser Hotel in Catavina\"\n                    alt=\"Unser Hotel in Catavina\"\n                    src=\"https:\/\/blog.busweltreise.de\/wp-content\/gallery\/baja-california\/thumbs\/thumbs_unser-hotel-in-catavina.jpg\"\n                    width=\"100\"\n                    height=\"75\"\n                    style=\"max-width:100%;\"\n                \/>\n            <\/a>\n        <\/div>\n\t\t\t\t\t\t\t<\/div> \n\t\t\t\n\t\t\t\t<div id=\"ngg-image-14\" class=\"ngg-gallery-thumbnail-box \" >\n\t\t\t\t        <div class=\"ngg-gallery-thumbnail\">\n            <a href=\"https:\/\/blog.busweltreise.de\/wp-content\/gallery\/baja-california\/unser-hotel-in-loreto.jpg\"\n               title=\"Unser Hotel in Loreto\"\n               data-src=\"https:\/\/blog.busweltreise.de\/wp-content\/gallery\/baja-california\/unser-hotel-in-loreto.jpg\"\n               data-thumbnail=\"https:\/\/blog.busweltreise.de\/wp-content\/gallery\/baja-california\/thumbs\/thumbs_unser-hotel-in-loreto.jpg\"\n               data-image-id=\"1169\"\n               data-title=\"Unser Hotel in Loreto\"\n               data-description=\"Unser Hotel in Loreto\"\n               data-image-slug=\"unser-hotel-in-loreto\"\n               class=\"ngg-simplelightbox\" rel=\"cfffe5936709b573c7cc122273d9915f\">\n                <img\n                    title=\"Unser Hotel in Loreto\"\n                    alt=\"Unser Hotel in Loreto\"\n                    src=\"https:\/\/blog.busweltreise.de\/wp-content\/gallery\/baja-california\/thumbs\/thumbs_unser-hotel-in-loreto.jpg\"\n                    width=\"100\"\n                    height=\"75\"\n                    style=\"max-width:100%;\"\n                \/>\n            <\/a>\n        <\/div>\n\t\t\t\t\t\t\t<\/div> \n\t\t\t\n\t\t\t\t<div id=\"ngg-image-15\" class=\"ngg-gallery-thumbnail-box \" >\n\t\t\t\t        <div class=\"ngg-gallery-thumbnail\">\n            <a href=\"https:\/\/blog.busweltreise.de\/wp-content\/gallery\/baja-california\/wachhund-mit-an-bord.jpg\"\n               title=\"Wachhund mit an Bord\"\n               data-src=\"https:\/\/blog.busweltreise.de\/wp-content\/gallery\/baja-california\/wachhund-mit-an-bord.jpg\"\n               data-thumbnail=\"https:\/\/blog.busweltreise.de\/wp-content\/gallery\/baja-california\/thumbs\/thumbs_wachhund-mit-an-bord.jpg\"\n               data-image-id=\"1172\"\n               data-title=\"Wachhund mit an Bord\"\n               data-description=\"Wachhund mit an Bord\"\n               data-image-slug=\"wachhund-mit-an-bord\"\n               class=\"ngg-simplelightbox\" rel=\"cfffe5936709b573c7cc122273d9915f\">\n                <img\n                    title=\"Wachhund mit an Bord\"\n                    alt=\"Wachhund mit an Bord\"\n                    src=\"https:\/\/blog.busweltreise.de\/wp-content\/gallery\/baja-california\/thumbs\/thumbs_wachhund-mit-an-bord.jpg\"\n                    width=\"100\"\n                    height=\"75\"\n                    style=\"max-width:100%;\"\n                \/>\n            <\/a>\n        <\/div>\n\t\t\t\t\t\t\t<\/div> \n\t\t\t\n\t\n\t<br style=\"clear: both\" \/>\n\n\t\t<div class=\"slideshowlink\">\n        <a href='https:\/\/blog.busweltreise.de\/index.php\/nggallery\/slideshow?page_id=1604'>Als Diaschau anzeigen<\/a>\n\t\t\n\t<\/div>\n\t\n\t\t<!-- Pagination -->\n\t<div class='ngg-clear'><\/div>\t<\/div>\n\n","protected":false},"excerpt":{"rendered":"","protected":false},"author":4,"featured_media":0,"parent":0,"menu_order":0,"comment_status":"closed","ping_status":"open","template":"","meta":{"ngg_post_thumbnail":0},"_links":{"self":[{"href":"https:\/\/blog.busweltreise.de\/index.php?rest_route=\/wp\/v2\/pages\/1604"}],"collection":[{"href":"https:\/\/blog.busweltreise.de\/index.php?rest_route=\/wp\/v2\/pages"}],"about":[{"href":"https:\/\/blog.busweltreise.de\/index.php?rest_route=\/wp\/v2\/types\/page"}],"author":[{"embeddable":true,"href":"https:\/\/blog.busweltreise.de\/index.php?rest_route=\/wp\/v2\/users\/4"}],"replies":[{"embeddable":true,"href":"https:\/\/blog.busweltreise.de\/index.php?rest_route=%2Fwp%2Fv2%2Fcomments&post=1604"}],"version-history":[{"count":1,"href":"https:\/\/blog.busweltreise.de\/index.php?rest_route=\/wp\/v2\/pages\/1604\/revisions"}],"predecessor-version":[{"id":2412,"href":"https:\/\/blog.busweltreise.de\/index.php?rest_route=\/wp\/v2\/pages\/1604\/revisions\/2412"}],"wp:attachment":[{"href":"https:\/\/blog.busweltreise.de\/index.php?rest_route=%2Fwp%2Fv2%2Fmedia&parent=1604"}],"curies":[{"name":"wp","href":"https:\/\/api.w.org\/{rel}","templated":true}]}}